{"id":11,"date":"2021-11-25T15:37:19","date_gmt":"2021-11-25T15:37:19","guid":{"rendered":"https:\/\/kits.themecy.com\/learn\/?page_id=10"},"modified":"2025-03-20T12:06:51","modified_gmt":"2025-03-20T12:06:51","slug":"about","status":"publish","type":"page","link":"https:\/\/estudioastral.com\/?page_id=11","title":{"rendered":"About Us"},"content":{"rendered":"\t\t<div data-elementor-type=\"wp-page\" data-elementor-id=\"11\" class=\"elementor elementor-11\" data-elementor-post-type=\"page\">\n\t\t\t\t\t\t<section class=\"elementor-section elementor-top-section elementor-element elementor-element-66d990b elementor-section-boxed elementor-section-height-default elementor-section-height-default\" data-id=\"66d990b\" data-element_type=\"section\" data-settings=\"{&quot;background_motion_fx_motion_fx_scrolling&quot;:&quot;yes&quot;,&quot;background_motion_fx_translateY_effect&quot;:&quot;yes&quot;,&quot;background_motion_fx_translateY_speed&quot;:{&quot;unit&quot;:&quot;px&quot;,&quot;size&quot;:5,&quot;sizes&quot;:[]},&quot;background_motion_fx_devices&quot;:[&quot;desktop&quot;],&quot;background_background&quot;:&quot;classic&quot;,&quot;background_motion_fx_translateY_affectedRange&quot;:{&quot;unit&quot;:&quot;%&quot;,&quot;size&quot;:&quot;&quot;,&quot;sizes&quot;:{&quot;start&quot;:0,&quot;end&quot;:100}}}\">\n\t\t\t\t\t\t\t<div class=\"elementor-background-overlay\"><\/div>\n\t\t\t\t\t\t\t<div class=\"elementor-container elementor-column-gap-default\">\n\t\t\t\t\t<div class=\"elementor-column elementor-col-100 elementor-top-column elementor-element elementor-element-f53e131\" data-id=\"f53e131\" data-element_type=\"column\">\n\t\t\t<div class=\"elementor-widget-wrap elementor-element-populated\">\n\t\t\t\t\t\t<section class=\"elementor-section elementor-inner-section elementor-element elementor-element-b3e1564 elementor-section-boxed elementor-section-height-default elementor-section-height-default\" data-id=\"b3e1564\" data-element_type=\"section\">\n\t\t\t\t\t\t<div class=\"elementor-container elementor-column-gap-default\">\n\t\t\t\t\t<div class=\"elementor-column elementor-col-100 elementor-inner-column elementor-element elementor-element-cb97a51\" data-id=\"cb97a51\" data-element_type=\"column\">\n\t\t\t<div class=\"elementor-widget-wrap elementor-element-populated\">\n\t\t\t\t\t\t<div class=\"elementor-element elementor-element-7718f01 elementor-widget elementor-widget-heading\" data-id=\"7718f01\" data-element_type=\"widget\" data-widget_type=\"heading.default\">\n\t\t\t\t<div class=\"elementor-widget-container\">\n\t\t\t\t\t<h6 class=\"elementor-heading-title elementor-size-default\">About Me<\/h6>\t\t\t\t<\/div>\n\t\t\t\t<\/div>\n\t\t\t\t<div class=\"elementor-element elementor-element-f30e7e9 elementor-widget elementor-widget-heading\" data-id=\"f30e7e9\" data-element_type=\"widget\" data-widget_type=\"heading.default\">\n\t\t\t\t<div class=\"elementor-widget-container\">\n\t\t\t\t\t<h1 class=\"elementor-heading-title elementor-size-default\">en el coraz\u00f3n de los astros<\/h1>\t\t\t\t<\/div>\n\t\t\t\t<\/div>\n\t\t\t\t<div class=\"elementor-element elementor-element-bfd6647 elementor-widget elementor-widget-text-editor\" data-id=\"bfd6647\" data-element_type=\"widget\" data-widget_type=\"text-editor.default\">\n\t\t\t\t<div class=\"elementor-widget-container\">\n\t\t\t\t\t\t\t\t\t<p>La visi\u00f3n de que nacimos de las estrellas y de la propia fuente de la que estas nacieron siempre me ha parecido muy inspiradora. Aunque en nuestra condici\u00f3n y percepci\u00f3n a veces no entendemos la magnitud de lo que somos como vida consciente.\u00a0<\/p><p>La posibilidad de abrir la mirada a la contemplaci\u00f3n de la belleza de la vida, en la grandeza de una galaxia y en los colores vibrantes de una peque\u00f1a flor de las altas monta\u00f1as, en la ternura de un ni\u00f1o que se maravilla de descubrir las palabras, y en la grandeza de un hombre que lucha por sanar su mente y traer al mundo su amor.\u00a0\u00a0<\/p><p>La posibilidad de ver mas all\u00e1 de la oscuridad del ego\u00edsmo y su narrativa de angustia y desconexi\u00f3n, es la fuerza que me inspira en lo que quiero crear y compartir y es el fundamento de esta academia en la que podemos tejernos para darnos fuerza en este prop\u00f3sito.<\/p>\t\t\t\t\t\t\t\t<\/div>\n\t\t\t\t<\/div>\n\t\t\t\t\t<\/div>\n\t\t<\/div>\n\t\t\t\t\t<\/div>\n\t\t<\/section>\n\t\t\t\t\t<\/div>\n\t\t<\/div>\n\t\t\t\t\t<\/div>\n\t\t<\/section>\n\t\t\t\t<section class=\"elementor-section elementor-top-section elementor-element elementor-element-86b147c elementor-section-boxed elementor-section-height-default elementor-section-height-default\" data-id=\"86b147c\" data-element_type=\"section\">\n\t\t\t\t\t\t<div class=\"elementor-container elementor-column-gap-default\">\n\t\t\t\t\t<div class=\"elementor-column elementor-col-50 elementor-top-column elementor-element elementor-element-276aa40\" data-id=\"276aa40\" data-element_type=\"column\">\n\t\t\t<div class=\"elementor-widget-wrap\">\n\t\t\t\t\t\t\t<\/div>\n\t\t<\/div>\n\t\t\t\t<div class=\"elementor-column elementor-col-50 elementor-top-column elementor-element elementor-element-2c9a7b0\" data-id=\"2c9a7b0\" data-element_type=\"column\">\n\t\t\t<div class=\"elementor-widget-wrap elementor-element-populated\">\n\t\t\t\t\t\t<div class=\"elementor-element elementor-element-587091f elementor-widget elementor-widget-heading\" data-id=\"587091f\" data-element_type=\"widget\" data-widget_type=\"heading.default\">\n\t\t\t\t<div class=\"elementor-widget-container\">\n\t\t\t\t\t<h6 class=\"elementor-heading-title elementor-size-default\">mi experiencia<\/h6>\t\t\t\t<\/div>\n\t\t\t\t<\/div>\n\t\t\t\t<div class=\"elementor-element elementor-element-9786e5c elementor-widget elementor-widget-heading\" data-id=\"9786e5c\" data-element_type=\"widget\" data-widget_type=\"heading.default\">\n\t\t\t\t<div class=\"elementor-widget-container\">\n\t\t\t\t\t<h2 class=\"elementor-heading-title elementor-size-default\">Hola, mi nombre es juan david mora ortiz. Soy astr\u00f3logo desde hace mas de treinta a\u00f1os y vengo a compartir mi experiencia y la sintesis de mi recorrido contigo.\n<\/h2>\t\t\t\t<\/div>\n\t\t\t\t<\/div>\n\t\t\t\t<div class=\"elementor-element elementor-element-f1a2dc7 elementor-widget elementor-widget-text-editor\" data-id=\"f1a2dc7\" data-element_type=\"widget\" data-widget_type=\"text-editor.default\">\n\t\t\t\t<div class=\"elementor-widget-container\">\n\t\t\t\t\t\t\t\t\t<p>Te cuento, como parte de mi formaci\u00f3n, estudie literatura y tengo una maestr\u00eda en escritura creativa. Dentro de los libros que he publicado est\u00e1n. Las Palabras Crean, Correspondencia con los \u00c1rboles, Rota Po\u00e9tica: acuarelas y prosas inspirados en los 22 arcanos mayores del Tarot.\u00a0 Me desempe\u00f1o tambi\u00e9n en el \u00e1rea del trabajo social y la educaci\u00f3n.\u00a0<span style=\"background-color: transparent; color: var(--global-palette4); font-family: var(--global-body-font-family);\">Tengo una ONG con la que trabajo en proyectos sociales encaminados al bienestar de las comunidades. Y doy clases de \u00e9tica a nivel escolar.\u00a0<\/span><\/p>\n<p>\u00a0<\/p>\n<p><span style=\"background-color: transparent; color: var(--global-palette4); font-family: var(--global-body-font-family);\">\u00a0<\/span><\/p>\t\t\t\t\t\t\t\t<\/div>\n\t\t\t\t<\/div>\n\t\t\t\t<div class=\"elementor-element elementor-element-2c5ee49 elementor-align-left elementor-tablet-align-center elementor-mobile-align-justify elementor-widget elementor-widget-button\" data-id=\"2c5ee49\" data-element_type=\"widget\" data-widget_type=\"button.default\">\n\t\t\t\t<div class=\"elementor-widget-container\">\n\t\t\t\t\t\t\t\t\t<div class=\"elementor-button-wrapper\">\n\t\t\t\t\t<a class=\"elementor-button elementor-button-link elementor-size-sm\" href=\"http:\/\/www.astrologiaexistencial.com\">\n\t\t\t\t\t\t<span class=\"elementor-button-content-wrapper\">\n\t\t\t\t\t\t\t\t\t<span class=\"elementor-button-text\">ContacTO<\/span>\n\t\t\t\t\t<\/span>\n\t\t\t\t\t<\/a>\n\t\t\t\t<\/div>\n\t\t\t\t\t\t\t\t<\/div>\n\t\t\t\t<\/div>\n\t\t\t\t\t<\/div>\n\t\t<\/div>\n\t\t\t\t\t<\/div>\n\t\t<\/section>\n\t\t\t\t<section class=\"elementor-section elementor-top-section elementor-element elementor-element-42cb892 elementor-section-boxed elementor-section-height-default elementor-section-height-default\" data-id=\"42cb892\" data-element_type=\"section\">\n\t\t\t\t\t\t<div class=\"elementor-container elementor-column-gap-default\">\n\t\t\t\t\t<div class=\"elementor-column elementor-col-50 elementor-top-column elementor-element elementor-element-0254c0c\" data-id=\"0254c0c\" data-element_type=\"column\">\n\t\t\t<div class=\"elementor-widget-wrap elementor-element-populated\">\n\t\t\t\t\t\t<div class=\"elementor-element elementor-element-88824b0 elementor-widget elementor-widget-spacer\" data-id=\"88824b0\" data-element_type=\"widget\" data-widget_type=\"spacer.default\">\n\t\t\t\t<div class=\"elementor-widget-container\">\n\t\t\t\t\t\t\t<div class=\"elementor-spacer\">\n\t\t\t<div class=\"elementor-spacer-inner\"><\/div>\n\t\t<\/div>\n\t\t\t\t\t\t<\/div>\n\t\t\t\t<\/div>\n\t\t\t\t<div class=\"elementor-element elementor-element-ac9a7b8 elementor-widget elementor-widget-image\" data-id=\"ac9a7b8\" data-element_type=\"widget\" data-widget_type=\"image.default\">\n\t\t\t\t<div class=\"elementor-widget-container\">\n\t\t\t\t\t\t\t\t\t\t\t\t\t\t\t<img fetchpriority=\"high\" decoding=\"async\" width=\"1024\" height=\"579\" src=\"https:\/\/estudioastral.com\/wp-content\/uploads\/2025\/03\/Diseno-sin-titulo-1-1024x579.png\" class=\"attachment-large size-large wp-image-1339\" alt=\"\" srcset=\"https:\/\/estudioastral.com\/wp-content\/uploads\/2025\/03\/Diseno-sin-titulo-1-1024x579.png 1024w, https:\/\/estudioastral.com\/wp-content\/uploads\/2025\/03\/Diseno-sin-titulo-1-300x170.png 300w, https:\/\/estudioastral.com\/wp-content\/uploads\/2025\/03\/Diseno-sin-titulo-1-768x434.png 768w, https:\/\/estudioastral.com\/wp-content\/uploads\/2025\/03\/Diseno-sin-titulo-1.png 1472w\" sizes=\"(max-width: 1024px) 100vw, 1024px\" \/>\t\t\t\t\t\t\t\t\t\t\t\t\t\t\t<\/div>\n\t\t\t\t<\/div>\n\t\t\t\t\t<\/div>\n\t\t<\/div>\n\t\t\t\t<div class=\"elementor-column elementor-col-50 elementor-top-column elementor-element elementor-element-04415b4\" data-id=\"04415b4\" data-element_type=\"column\">\n\t\t\t<div class=\"elementor-widget-wrap elementor-element-populated\">\n\t\t\t\t\t\t<div class=\"elementor-element elementor-element-856b1d8 elementor-widget elementor-widget-heading\" data-id=\"856b1d8\" data-element_type=\"widget\" data-widget_type=\"heading.default\">\n\t\t\t\t<div class=\"elementor-widget-container\">\n\t\t\t\t\t<h6 class=\"elementor-heading-title elementor-size-default\">acerca de mi<\/h6>\t\t\t\t<\/div>\n\t\t\t\t<\/div>\n\t\t\t\t<div class=\"elementor-element elementor-element-f451f0e elementor-widget elementor-widget-heading\" data-id=\"f451f0e\" data-element_type=\"widget\" data-widget_type=\"heading.default\">\n\t\t\t\t<div class=\"elementor-widget-container\">\n\t\t\t\t\t<h2 class=\"elementor-heading-title elementor-size-default\">Soy un apasionado de la ense\u00f1anza y la escritura, aqui puedes descargar un regalo escrito por mi a tu inocencia.<\/h2>\t\t\t\t<\/div>\n\t\t\t\t<\/div>\n\t\t\t\t<div class=\"elementor-element elementor-element-2ab282b elementor-widget elementor-widget-text-editor\" data-id=\"2ab282b\" data-element_type=\"widget\" data-widget_type=\"text-editor.default\">\n\t\t\t\t<div class=\"elementor-widget-container\">\n\t\t\t\t\t\t\t\t\t<p>Este peque\u00f1o cuento es una iniciaci\u00f3n a la contemplaci\u00f3n profunda, que la naturaleza inspira y tambi\u00e9n el estudio de la astrolog\u00eda existencial.<\/p>\t\t\t\t\t\t\t\t<\/div>\n\t\t\t\t<\/div>\n\t\t\t\t<div class=\"elementor-element elementor-element-498de52 elementor-align-left elementor-tablet-align-center elementor-mobile-align-justify elementor-widget elementor-widget-button\" data-id=\"498de52\" data-element_type=\"widget\" data-widget_type=\"button.default\">\n\t\t\t\t<div class=\"elementor-widget-container\">\n\t\t\t\t\t\t\t\t\t<div class=\"elementor-button-wrapper\">\n\t\t\t\t\t<a class=\"elementor-button elementor-button-link elementor-size-sm\" href=\"#\">\n\t\t\t\t\t\t<span class=\"elementor-button-content-wrapper\">\n\t\t\t\t\t\t\t\t\t<span class=\"elementor-button-text\">El Mago Arlequ\u00edn<\/span>\n\t\t\t\t\t<\/span>\n\t\t\t\t\t<\/a>\n\t\t\t\t<\/div>\n\t\t\t\t\t\t\t\t<\/div>\n\t\t\t\t<\/div>\n\t\t\t\t\t<\/div>\n\t\t<\/div>\n\t\t\t\t\t<\/div>\n\t\t<\/section>\n\t\t\t\t<section class=\"elementor-section elementor-top-section elementor-element elementor-element-fd05440 elementor-section-boxed elementor-section-height-default elementor-section-height-default\" data-id=\"fd05440\" data-element_type=\"section\" data-settings=\"{&quot;background_background&quot;:&quot;classic&quot;}\">\n\t\t\t\t\t\t\t<div class=\"elementor-background-overlay\"><\/div>\n\t\t\t\t\t\t\t<div class=\"elementor-container elementor-column-gap-default\">\n\t\t\t\t\t<div class=\"elementor-column elementor-col-100 elementor-top-column elementor-element elementor-element-697cf5c\" data-id=\"697cf5c\" data-element_type=\"column\">\n\t\t\t<div class=\"elementor-widget-wrap elementor-element-populated\">\n\t\t\t\t\t\t<div class=\"elementor-element elementor-element-a0d6366 elementor-widget elementor-widget-heading\" data-id=\"a0d6366\" data-element_type=\"widget\" data-widget_type=\"heading.default\">\n\t\t\t\t<div class=\"elementor-widget-container\">\n\t\t\t\t\t<h6 class=\"elementor-heading-title elementor-size-default\">Disfruta nuestra Academia\n<\/h6>\t\t\t\t<\/div>\n\t\t\t\t<\/div>\n\t\t\t\t<div class=\"elementor-element elementor-element-9767b2b elementor-widget elementor-widget-heading\" data-id=\"9767b2b\" data-element_type=\"widget\" data-widget_type=\"heading.default\">\n\t\t\t\t<div class=\"elementor-widget-container\">\n\t\t\t\t\t<h2 class=\"elementor-heading-title elementor-size-default\">\u00bfListo para empezar a aprender? \u00a1Inscr\u00edbete Ahora!\n<\/h2>\t\t\t\t<\/div>\n\t\t\t\t<\/div>\n\t\t\t\t<div class=\"elementor-element elementor-element-84fafb6 elementor-align-center elementor-mobile-align-justify elementor-widget elementor-widget-button\" data-id=\"84fafb6\" data-element_type=\"widget\" data-widget_type=\"button.default\">\n\t\t\t\t<div class=\"elementor-widget-container\">\n\t\t\t\t\t\t\t\t\t<div class=\"elementor-button-wrapper\">\n\t\t\t\t\t<a class=\"elementor-button elementor-button-link elementor-size-sm\" href=\"#\">\n\t\t\t\t\t\t<span class=\"elementor-button-content-wrapper\">\n\t\t\t\t\t\t\t\t\t<span class=\"elementor-button-text\">Entra<\/span>\n\t\t\t\t\t<\/span>\n\t\t\t\t\t<\/a>\n\t\t\t\t<\/div>\n\t\t\t\t\t\t\t\t<\/div>\n\t\t\t\t<\/div>\n\t\t\t\t\t<\/div>\n\t\t<\/div>\n\t\t\t\t\t<\/div>\n\t\t<\/section>\n\t\t\t\t<\/div>\n\t\t","protected":false},"excerpt":{"rendered":"<p>About Me en el coraz\u00f3n de los astros La visi\u00f3n de que nacimos de las estrellas y de la propia fuente de la que estas nacieron siempre me ha parecido muy inspiradora. Aunque en nuestra condici\u00f3n y percepci\u00f3n a veces no entendemos la magnitud de lo que somos como vida consciente.\u00a0 La posibilidad de abrir&#8230;<\/p>\n","protected":false},"author":1,"featured_media":956,"parent":0,"menu_order":0,"comment_status":"closed","ping_status":"closed","template":"","meta":{"_kadence_starter_templates_imported_post":true,"_kad_post_transparent":"","_kad_post_title":"hide","_kad_post_layout":"fullwidth","_kad_post_sidebar_id":"","_kad_post_content_style":"unboxed","_kad_post_vertical_padding":"hide","_kad_post_feature":"hide","_kad_post_feature_position":"","_kad_post_header":false,"_kad_post_footer":false,"footnotes":""},"class_list":["post-11","page","type-page","status-publish","has-post-thumbnail","hentry"],"acf":[],"lang":"es","translations":{"es":11},"pll_sync_post":[],"_links":{"self":[{"href":"https:\/\/estudioastral.com\/index.php?rest_route=\/wp\/v2\/pages\/11","targetHints":{"allow":["GET"]}}],"collection":[{"href":"https:\/\/estudioastral.com\/index.php?rest_route=\/wp\/v2\/pages"}],"about":[{"href":"https:\/\/estudioastral.com\/index.php?rest_route=\/wp\/v2\/types\/page"}],"author":[{"embeddable":true,"href":"https:\/\/estudioastral.com\/index.php?rest_route=\/wp\/v2\/users\/1"}],"replies":[{"embeddable":true,"href":"https:\/\/estudioastral.com\/index.php?rest_route=%2Fwp%2Fv2%2Fcomments&post=11"}],"version-history":[{"count":37,"href":"https:\/\/estudioastral.com\/index.php?rest_route=\/wp\/v2\/pages\/11\/revisions"}],"predecessor-version":[{"id":1371,"href":"https:\/\/estudioastral.com\/index.php?rest_route=\/wp\/v2\/pages\/11\/revisions\/1371"}],"wp:featuredmedia":[{"embeddable":true,"href":"https:\/\/estudioastral.com\/index.php?rest_route=\/wp\/v2\/media\/956"}],"wp:attachment":[{"href":"https:\/\/estudioastral.com\/index.php?rest_route=%2Fwp%2Fv2%2Fmedia&parent=11"}],"curies":[{"name":"wp","href":"https:\/\/api.w.org\/{rel}","templated":true}]}}